{"id":1352,"date":"2025-02-13T11:54:26","date_gmt":"2025-02-13T10:54:26","guid":{"rendered":"https:\/\/alveus.app\/alveus\/?page_id=1352"},"modified":"2025-02-24T10:58:11","modified_gmt":"2025-02-24T09:58:11","slug":"aml-package-2","status":"publish","type":"page","link":"https:\/\/alveus.app\/alveus\/aml-package-2\/","title":{"rendered":"AML Package"},"content":{"rendered":"\t\t<div data-elementor-type=\"wp-page\" data-elementor-id=\"1352\" class=\"elementor elementor-1352\" data-elementor-settings=\"{&quot;element_pack_global_tooltip_width&quot;:{&quot;unit&quot;:&quot;px&quot;,&quot;size&quot;:&quot;&quot;,&quot;sizes&quot;:[]},&quot;element_pack_global_tooltip_width_tablet&quot;:{&quot;unit&quot;:&quot;px&quot;,&quot;size&quot;:&quot;&quot;,&quot;sizes&quot;:[]},&quot;element_pack_global_tooltip_width_mobile&quot;:{&quot;unit&quot;:&quot;px&quot;,&quot;size&quot;:&quot;&quot;,&quot;sizes&quot;:[]},&quot;element_pack_global_tooltip_padding&quot;:{&quot;unit&quot;:&quot;px&quot;,&quot;top&quot;:&quot;&quot;,&quot;right&quot;:&quot;&quot;,&quot;bottom&quot;:&quot;&quot;,&quot;left&quot;:&quot;&quot;,&quot;isLinked&quot;:true},&quot;element_pack_global_tooltip_padding_tablet&quot;:{&quot;unit&quot;:&quot;px&quot;,&quot;top&quot;:&quot;&quot;,&quot;right&quot;:&quot;&quot;,&quot;bottom&quot;:&quot;&quot;,&quot;left&quot;:&quot;&quot;,&quot;isLinked&quot;:true},&quot;element_pack_global_tooltip_padding_mobile&quot;:{&quot;unit&quot;:&quot;px&quot;,&quot;top&quot;:&quot;&quot;,&quot;right&quot;:&quot;&quot;,&quot;bottom&quot;:&quot;&quot;,&quot;left&quot;:&quot;&quot;,&quot;isLinked&quot;:true},&quot;element_pack_global_tooltip_border_radius&quot;:{&quot;unit&quot;:&quot;px&quot;,&quot;top&quot;:&quot;&quot;,&quot;right&quot;:&quot;&quot;,&quot;bottom&quot;:&quot;&quot;,&quot;left&quot;:&quot;&quot;,&quot;isLinked&quot;:true},&quot;element_pack_global_tooltip_border_radius_tablet&quot;:{&quot;unit&quot;:&quot;px&quot;,&quot;top&quot;:&quot;&quot;,&quot;right&quot;:&quot;&quot;,&quot;bottom&quot;:&quot;&quot;,&quot;left&quot;:&quot;&quot;,&quot;isLinked&quot;:true},&quot;element_pack_global_tooltip_border_radius_mobile&quot;:{&quot;unit&quot;:&quot;px&quot;,&quot;top&quot;:&quot;&quot;,&quot;right&quot;:&quot;&quot;,&quot;bottom&quot;:&quot;&quot;,&quot;left&quot;:&quot;&quot;,&quot;isLinked&quot;:true}}\" data-elementor-post-type=\"page\">\n\t\t\t\t<div class=\"elementor-element elementor-element-c2efdd7 elementor-hidden-tablet elementor-hidden-mobile e-flex e-con-boxed e-con e-parent\" data-id=\"c2efdd7\" data-element_type=\"container\">\n\t\t\t\t\t<div class=\"e-con-inner\">\n\t\t\t\t<div class=\"elementor-element elementor-element-07044d1 elementor-widget elementor-widget-image\" data-id=\"07044d1\" data-element_type=\"widget\" data-widget_type=\"image.default\">\n\t\t\t\t<div class=\"elementor-widget-container\">\n\t\t\t\t\t\t\t\t\t\t\t\t\t\t\t<img fetchpriority=\"high\" decoding=\"async\" width=\"2994\" height=\"1591\" src=\"https:\/\/alveus.app\/alveus\/wp-content\/uploads\/2025\/02\/FireShot-Capture-160-AML-Package-alveus.app_.png\" class=\"attachment-full size-full wp-image-1925\" alt=\"\" srcset=\"https:\/\/alveus.app\/alveus\/wp-content\/uploads\/2025\/02\/FireShot-Capture-160-AML-Package-alveus.app_.png 2994w, https:\/\/alveus.app\/alveus\/wp-content\/uploads\/2025\/02\/FireShot-Capture-160-AML-Package-alveus.app_-300x159.png 300w, https:\/\/alveus.app\/alveus\/wp-content\/uploads\/2025\/02\/FireShot-Capture-160-AML-Package-alveus.app_-1024x544.png 1024w, https:\/\/alveus.app\/alveus\/wp-content\/uploads\/2025\/02\/FireShot-Capture-160-AML-Package-alveus.app_-768x408.png 768w, https:\/\/alveus.app\/alveus\/wp-content\/uploads\/2025\/02\/FireShot-Capture-160-AML-Package-alveus.app_-1536x816.png 1536w, https:\/\/alveus.app\/alveus\/wp-content\/uploads\/2025\/02\/FireShot-Capture-160-AML-Package-alveus.app_-2048x1088.png 2048w, https:\/\/alveus.app\/alveus\/wp-content\/uploads\/2025\/02\/FireShot-Capture-160-AML-Package-alveus.app_-650x345.png 650w\" sizes=\"(max-width: 2994px) 100vw, 2994px\" \/>\t\t\t\t\t\t\t\t\t\t\t\t\t\t\t<\/div>\n\t\t\t\t<\/div>\n\t\t\t\t\t<\/div>\n\t\t\t\t<\/div>\n\t\t<div class=\"elementor-element elementor-element-a1d3bb9 e-flex e-con-boxed e-con e-parent\" data-id=\"a1d3bb9\" data-element_type=\"container\">\n\t\t\t\t\t<div class=\"e-con-inner\">\n\t\t\t\t<div class=\"elementor-element elementor-element-3ab5575 elementor-widget elementor-widget-image\" data-id=\"3ab5575\" data-element_type=\"widget\" id=\"logoServizio\" data-widget_type=\"image.default\">\n\t\t\t\t<div class=\"elementor-widget-container\">\n\t\t\t\t\t\t\t\t\t\t\t\t\t\t\t<img decoding=\"async\" width=\"1000\" height=\"1000\" src=\"https:\/\/alveus.app\/alveus\/wp-content\/uploads\/2025\/02\/AML-PACKAGE-A-DESTRA.svg\" class=\"attachment-large size-large wp-image-1359\" alt=\"\" \/>\t\t\t\t\t\t\t\t\t\t\t\t\t\t\t<\/div>\n\t\t\t\t<\/div>\n\t\t\t\t<div class=\"elementor-element elementor-element-96bb9c9 elementor-widget elementor-widget-spacer\" data-id=\"96bb9c9\" data-element_type=\"widget\" data-widget_type=\"spacer.default\">\n\t\t\t\t<div class=\"elementor-widget-container\">\n\t\t\t\t\t\t\t<div class=\"elementor-spacer\">\n\t\t\t<div class=\"elementor-spacer-inner\"><\/div>\n\t\t<\/div>\n\t\t\t\t\t\t<\/div>\n\t\t\t\t<\/div>\n\t\t\t\t<div class=\"elementor-element elementor-element-c5c427a elementor-widget elementor-widget-heading\" data-id=\"c5c427a\" data-element_type=\"widget\" data-widget_type=\"heading.default\">\n\t\t\t\t<div class=\"elementor-widget-container\">\n\t\t\t\t\t<h2 class=\"elementor-heading-title elementor-size-default\">\nAlveus AML-Package: La soluzione ERP avanzata per la gestione del rischio e la compliance\n<\/h2>\t\t\t\t<\/div>\n\t\t\t\t<\/div>\n\t\t\t\t<div class=\"elementor-element elementor-element-b11b22a elementor-widget elementor-widget-text-editor\" data-id=\"b11b22a\" data-element_type=\"widget\" data-widget_type=\"text-editor.default\">\n\t\t\t\t<div class=\"elementor-widget-container\">\n\t\t\t\t\t\t\t\t\t<div class=\"elementor-element elementor-element-1c54407 elementor-widget elementor-widget-text-editor\" data-id=\"1c54407\" data-element_type=\"widget\" data-widget_type=\"text-editor.default\"><div class=\"elementor-widget-container\"><p>Alveus AML-Package \u00e8 il primo ERP (Enterprise Resource Planning) specializzato per la gestione delle attivit\u00e0 di antiriciclaggio (AML). Progettato per supportare intermediari bancari, finanziari, societ\u00e0 di gaming, assicurazioni e altri settori regolamentati, consente di ottimizzare i principali processi di gestione del rischio e di compliance attraverso un\u2019unica piattaforma integrata, offrendo una fonte di informazioni affidabile e centralizzata.<\/p><\/div><\/div>\t\t\t\t\t\t\t\t<\/div>\n\t\t\t\t<\/div>\n\t\t\t\t\t<\/div>\n\t\t\t\t<\/div>\n\t\t<div class=\"elementor-element elementor-element-ad1edec e-flex e-con-boxed e-con e-parent\" data-id=\"ad1edec\" data-element_type=\"container\">\n\t\t\t\t\t<div class=\"e-con-inner\">\n\t\t<div class=\"elementor-element elementor-element-9f3c5c5 e-con-full e-flex e-con e-child\" data-id=\"9f3c5c5\" data-element_type=\"container\">\n\t\t\t\t<div class=\"elementor-element elementor-element-b9d8fac elementor-widget elementor-widget-image\" data-id=\"b9d8fac\" data-element_type=\"widget\" data-widget_type=\"image.default\">\n\t\t\t\t<div class=\"elementor-widget-container\">\n\t\t\t\t\t\t\t\t\t\t\t\t\t\t\t<img decoding=\"async\" width=\"3360\" height=\"3349\" src=\"https:\/\/alveus.app\/alveus\/wp-content\/uploads\/2025\/02\/AML-3-2.png\" class=\"attachment-full size-full wp-image-2006\" alt=\"\" srcset=\"https:\/\/alveus.app\/alveus\/wp-content\/uploads\/2025\/02\/AML-3-2.png 3360w, https:\/\/alveus.app\/alveus\/wp-content\/uploads\/2025\/02\/AML-3-2-300x300.png 300w, https:\/\/alveus.app\/alveus\/wp-content\/uploads\/2025\/02\/AML-3-2-1024x1021.png 1024w, https:\/\/alveus.app\/alveus\/wp-content\/uploads\/2025\/02\/AML-3-2-150x150.png 150w, https:\/\/alveus.app\/alveus\/wp-content\/uploads\/2025\/02\/AML-3-2-768x765.png 768w, https:\/\/alveus.app\/alveus\/wp-content\/uploads\/2025\/02\/AML-3-2-1536x1531.png 1536w, https:\/\/alveus.app\/alveus\/wp-content\/uploads\/2025\/02\/AML-3-2-2048x2041.png 2048w, https:\/\/alveus.app\/alveus\/wp-content\/uploads\/2025\/02\/AML-3-2-650x648.png 650w\" sizes=\"(max-width: 3360px) 100vw, 3360px\" \/>\t\t\t\t\t\t\t\t\t\t\t\t\t\t\t<\/div>\n\t\t\t\t<\/div>\n\t\t\t\t<\/div>\n\t\t<div class=\"elementor-element elementor-element-db56e36 e-con-full e-flex e-con e-child\" data-id=\"db56e36\" data-element_type=\"container\">\n\t\t\t\t<div class=\"elementor-element elementor-element-22378a7 elementor-widget elementor-widget-heading\" data-id=\"22378a7\" data-element_type=\"widget\" data-widget_type=\"heading.default\">\n\t\t\t\t<div class=\"elementor-widget-container\">\n\t\t\t\t\t<h2 class=\"elementor-heading-title elementor-size-default\">Ecosistema Modulare per Produttivit\u00e0 ed Efficienza<\/h2>\t\t\t\t<\/div>\n\t\t\t\t<\/div>\n\t\t\t\t<div class=\"elementor-element elementor-element-cb81d6d elementor-widget elementor-widget-text-editor\" data-id=\"cb81d6d\" data-element_type=\"widget\" data-widget_type=\"text-editor.default\">\n\t\t\t\t<div class=\"elementor-widget-container\">\n\t\t\t\t\t\t\t\t\t<p class=\"elementor-image-box-description\">AML-Package non \u00e8 un semplice software, ma un ecosistema modulare capace di adattarsi alle esigenze specifiche delle imprese, migliorando produttivit\u00e0 ed efficienza.<\/p>\t\t\t\t\t\t\t\t<\/div>\n\t\t\t\t<\/div>\n\t\t\t\t<\/div>\n\t\t\t\t\t<\/div>\n\t\t\t\t<\/div>\n\t\t<div class=\"elementor-element elementor-element-df2115e e-flex e-con-boxed e-con e-parent\" data-id=\"df2115e\" data-element_type=\"container\">\n\t\t\t\t\t<div class=\"e-con-inner\">\n\t\t<div class=\"elementor-element elementor-element-0844b5b e-con-full e-flex e-con e-child\" data-id=\"0844b5b\" data-element_type=\"container\">\n\t\t\t\t<div class=\"elementor-element elementor-element-ac8b716 elementor-widget elementor-widget-heading\" data-id=\"ac8b716\" data-element_type=\"widget\" data-widget_type=\"heading.default\">\n\t\t\t\t<div class=\"elementor-widget-container\">\n\t\t\t\t\t<h2 class=\"elementor-heading-title elementor-size-default\">\nFunzionalit\u00e0 principali\n<\/h2>\t\t\t\t<\/div>\n\t\t\t\t<\/div>\n\t\t\t\t<div class=\"elementor-element elementor-element-88d7ff6 elementor-widget elementor-widget-text-editor\" data-id=\"88d7ff6\" data-element_type=\"widget\" data-widget_type=\"text-editor.default\">\n\t\t\t\t<div class=\"elementor-widget-container\">\n\t\t\t\t\t\t\t\t\t<ol><li><div class=\"elementor-element elementor-element-d81f4f7 e-con-full e-flex e-con e-child\" data-id=\"d81f4f7\" data-element_type=\"container\"><div class=\"elementor-element elementor-element-153f073 elementor-widget__width-initial elementor-widget elementor-widget-text-editor\" data-id=\"153f073\" data-element_type=\"widget\" data-widget_type=\"text-editor.default\"><div class=\"elementor-widget-container\"><p><strong>AML-Package<\/strong> gestisce un\u2019ampia gamma di attivit\u00e0 operative e periodiche previste dalla normativa vigente e futura. La soluzione favorisce il business aziendale semplificando i controlli di rischio e compliance grazie a:<\/p><ul><li><strong>Onboarding integrato:<\/strong> Verifiche automatizzate con accesso alle informazioni di provider di business information e liste di controllo (Terrorismo, PEP, PIL, Adverse Media).<\/li><li><strong>Workflow personalizzabili:<\/strong> Modelli avanzati per la gestione di KYC (Know Your Customer), parametrizzati in base alle normative di settore.<\/li><li><strong>Profilazione del rischio:<\/strong> Calcolo e revisione dei profili di rischio per cliente, operazione e gruppo, con indicatori comportamentali.<\/li><li><strong>Centrale rischi e segnalazioni:<\/strong> Gestione centralizzata delle analisi e delle segnalazioni antiriciclaggio per intermediari finanziari.<\/li><\/ul><\/div><\/div><\/div><\/li><\/ol>\t\t\t\t\t\t\t\t<\/div>\n\t\t\t\t<\/div>\n\t\t\t\t<\/div>\n\t\t<div class=\"elementor-element elementor-element-2ee29f3 e-con-full e-flex e-con e-child\" data-id=\"2ee29f3\" data-element_type=\"container\">\n\t\t\t\t<div class=\"elementor-element elementor-element-6b96ad7 elementor-widget elementor-widget-image\" data-id=\"6b96ad7\" data-element_type=\"widget\" data-widget_type=\"image.default\">\n\t\t\t\t<div class=\"elementor-widget-container\">\n\t\t\t\t\t\t\t\t\t\t\t\t\t\t\t<img loading=\"lazy\" decoding=\"async\" width=\"3741\" height=\"3601\" src=\"https:\/\/alveus.app\/alveus\/wp-content\/uploads\/2025\/02\/AML2-2.png\" class=\"attachment-full size-full wp-image-2008\" alt=\"\" srcset=\"https:\/\/alveus.app\/alveus\/wp-content\/uploads\/2025\/02\/AML2-2.png 3741w, https:\/\/alveus.app\/alveus\/wp-content\/uploads\/2025\/02\/AML2-2-300x289.png 300w, https:\/\/alveus.app\/alveus\/wp-content\/uploads\/2025\/02\/AML2-2-1024x986.png 1024w, https:\/\/alveus.app\/alveus\/wp-content\/uploads\/2025\/02\/AML2-2-768x739.png 768w, https:\/\/alveus.app\/alveus\/wp-content\/uploads\/2025\/02\/AML2-2-1536x1479.png 1536w, https:\/\/alveus.app\/alveus\/wp-content\/uploads\/2025\/02\/AML2-2-2048x1971.png 2048w, https:\/\/alveus.app\/alveus\/wp-content\/uploads\/2025\/02\/AML2-2-650x626.png 650w\" sizes=\"(max-width: 3741px) 100vw, 3741px\" \/>\t\t\t\t\t\t\t\t\t\t\t\t\t\t\t<\/div>\n\t\t\t\t<\/div>\n\t\t\t\t<\/div>\n\t\t\t\t\t<\/div>\n\t\t\t\t<\/div>\n\t\t<div class=\"elementor-element elementor-element-c0f68d9 e-flex e-con-boxed e-con e-parent\" data-id=\"c0f68d9\" data-element_type=\"container\">\n\t\t\t\t\t<div class=\"e-con-inner\">\n\t\t<div class=\"elementor-element elementor-element-3860a2d e-con-full e-flex e-con e-child\" data-id=\"3860a2d\" data-element_type=\"container\">\n\t\t\t\t<div class=\"elementor-element elementor-element-24e943e elementor-widget elementor-widget-image\" data-id=\"24e943e\" data-element_type=\"widget\" data-widget_type=\"image.default\">\n\t\t\t\t<div class=\"elementor-widget-container\">\n\t\t\t\t\t\t\t\t\t\t\t\t\t\t\t<img loading=\"lazy\" decoding=\"async\" width=\"3534\" height=\"3080\" src=\"https:\/\/alveus.app\/alveus\/wp-content\/uploads\/2025\/02\/AML-5.png\" class=\"attachment-full size-full wp-image-2007\" alt=\"\" srcset=\"https:\/\/alveus.app\/alveus\/wp-content\/uploads\/2025\/02\/AML-5.png 3534w, https:\/\/alveus.app\/alveus\/wp-content\/uploads\/2025\/02\/AML-5-300x261.png 300w, https:\/\/alveus.app\/alveus\/wp-content\/uploads\/2025\/02\/AML-5-1024x892.png 1024w, https:\/\/alveus.app\/alveus\/wp-content\/uploads\/2025\/02\/AML-5-768x669.png 768w, https:\/\/alveus.app\/alveus\/wp-content\/uploads\/2025\/02\/AML-5-1536x1339.png 1536w, https:\/\/alveus.app\/alveus\/wp-content\/uploads\/2025\/02\/AML-5-2048x1785.png 2048w, https:\/\/alveus.app\/alveus\/wp-content\/uploads\/2025\/02\/AML-5-650x566.png 650w\" sizes=\"(max-width: 3534px) 100vw, 3534px\" \/>\t\t\t\t\t\t\t\t\t\t\t\t\t\t\t<\/div>\n\t\t\t\t<\/div>\n\t\t\t\t<\/div>\n\t\t<div class=\"elementor-element elementor-element-ed43755 e-con-full e-flex e-con e-child\" data-id=\"ed43755\" data-element_type=\"container\">\n\t\t<div class=\"elementor-element elementor-element-8b12eb1 e-con-full e-flex e-con e-child\" data-id=\"8b12eb1\" data-element_type=\"container\">\n\t\t\t\t<div class=\"elementor-element elementor-element-1008282 elementor-widget__width-initial elementor-widget elementor-widget-heading\" data-id=\"1008282\" data-element_type=\"widget\" data-widget_type=\"heading.default\">\n\t\t\t\t<div class=\"elementor-widget-container\">\n\t\t\t\t\t<h2 class=\"elementor-heading-title elementor-size-default\">Vantaggi strategici<\/h2>\t\t\t\t<\/div>\n\t\t\t\t<\/div>\n\t\t\t\t<div class=\"elementor-element elementor-element-ffb1bfd elementor-widget__width-initial elementor-widget elementor-widget-text-editor\" data-id=\"ffb1bfd\" data-element_type=\"widget\" data-widget_type=\"text-editor.default\">\n\t\t\t\t<div class=\"elementor-widget-container\">\n\t\t\t\t\t\t\t\t\t<div class=\"elementor-element elementor-element-cf7d84b e-con-full e-flex e-con e-child\" data-id=\"cf7d84b\" data-element_type=\"container\"><div class=\"elementor-element elementor-element-bad58ff elementor-widget__width-initial elementor-widget elementor-widget-text-editor\" data-id=\"bad58ff\" data-element_type=\"widget\" data-widget_type=\"text-editor.default\"><div class=\"elementor-widget-container\"><ul><li data-start=\"0\" data-end=\"176\"><strong data-start=\"2\" data-end=\"18\">Flessibilit\u00e0<\/strong>: Conforme alla Sesta Direttiva AML, AML-Package si adatta a qualsiasi intermediario senza costi imprevisti, supportando crescita e trasformazione digitale.<\/li><li data-start=\"177\" data-end=\"317\"><strong data-start=\"179\" data-end=\"193\">Modularit\u00e0<\/strong>: Struttura modulare, personalizzabile e scalabile, per approfondire specifiche aree operative in un ecosistema integrato.<\/li><li data-start=\"318\" data-end=\"477\"><strong data-start=\"320\" data-end=\"336\">Integrazione<\/strong>: Base dati unica per eliminare silos organizzativi, migliorare la circolazione delle informazioni e supportare decisioni rapide e precise.<\/li><li data-start=\"478\" data-end=\"615\"><strong data-start=\"480\" data-end=\"498\">Facilit\u00e0 d\u2019uso<\/strong>: Interfaccia intuitiva per una rapida adozione, riducendo i tempi di formazione e ottimizzando i flussi di lavoro.<\/li><li data-start=\"616\" data-end=\"742\" data-is-last-node=\"\"><strong data-start=\"618\" data-end=\"643\">Prossimit\u00e0 al cliente<\/strong>: Assistenza dedicata di Alveus, con soluzioni su misura e interventi tempestivi per ogni esigenza.<\/li><\/ul><\/div><\/div><\/div>\t\t\t\t\t\t\t\t<\/div>\n\t\t\t\t<\/div>\n\t\t\t\t<\/div>\n\t\t\t\t<\/div>\n\t\t\t\t\t<\/div>\n\t\t\t\t<\/div>\n\t\t<div class=\"elementor-element elementor-element-d5c7fed e-flex e-con-boxed e-con e-parent\" data-id=\"d5c7fed\" data-element_type=\"container\">\n\t\t\t\t\t<div class=\"e-con-inner\">\n\t\t\t\t<div class=\"elementor-element elementor-element-752fa60 elementor-widget elementor-widget-text-editor\" data-id=\"752fa60\" data-element_type=\"widget\" data-widget_type=\"text-editor.default\">\n\t\t\t\t<div class=\"elementor-widget-container\">\n\t\t\t\t\t\t\t\t\t<div class=\"elementor-element elementor-element-54fc53d e-flex e-con-boxed e-con e-parent e-lazyloaded\" data-id=\"54fc53d\" data-element_type=\"container\"><div class=\"e-con-inner\"><div class=\"elementor-element elementor-element-f6d045b elementor-widget elementor-widget-text-editor\" data-id=\"f6d045b\" data-element_type=\"widget\" data-widget_type=\"text-editor.default\"><div class=\"elementor-widget-container\"><p>AML-Package \u00e8 l\u2019alleato ideale per le aziende che desiderano semplificare e ottimizzare la gestione dei processi AML, supportando al contempo il raggiungimento degli obiettivi strategici di crescita e conformit\u00e0 normativa.\u00a0<\/p><\/div><\/div><\/div><\/div>\t\t\t\t\t\t\t\t<\/div>\n\t\t\t\t<\/div>\n\t\t\t\t\t<\/div>\n\t\t\t\t<\/div>\n\t\t<div class=\"elementor-element elementor-element-0d2dacf e-con-full e-flex e-con e-child\" data-id=\"0d2dacf\" data-element_type=\"container\">\n\t\t\t\t<div class=\"elementor-element elementor-element-5fb255b elementor-widget elementor-widget-text-editor\" data-id=\"5fb255b\" data-element_type=\"widget\" data-widget_type=\"text-editor.default\">\n\t\t\t\t<div class=\"elementor-widget-container\">\n\t\t\t\t\t\t\t\t\t<p><strong>Non siamo semplici fornitori, <\/strong><strong>siamo il partner che ti aiuter\u00e0 a ottenere il massimo dalla tua azienda!<\/strong><\/p>\t\t\t\t\t\t\t\t<\/div>\n\t\t\t\t<\/div>\n\t\t\t\t<div class=\"elementor-element elementor-element-d4b389e elementor-widget elementor-widget-text-editor\" data-id=\"d4b389e\" data-element_type=\"widget\" data-widget_type=\"text-editor.default\">\n\t\t\t\t<div class=\"elementor-widget-container\">\n\t\t\t\t\t\t\t\t\t<p><em>Scopri come fare la differenza con soluzioni digitali avanzate<\/em><\/p>\t\t\t\t\t\t\t\t<\/div>\n\t\t\t\t<\/div>\n\t\t\t\t<div class=\"elementor-element elementor-element-568da79 elementor-align-center elementor-widget__width-initial elementor-widget elementor-widget-button\" data-id=\"568da79\" data-element_type=\"widget\" data-widget_type=\"button.default\">\n\t\t\t\t<div class=\"elementor-widget-container\">\n\t\t\t\t\t\t\t\t\t<div class=\"elementor-button-wrapper\">\n\t\t\t\t\t<a class=\"elementor-button elementor-button-link elementor-size-sm\" href=\"https:\/\/alveus.app\/alveus\/\/?page_id=2771\">\n\t\t\t\t\t\t<span class=\"elementor-button-content-wrapper\">\n\t\t\t\t\t\t\t\t\t<span class=\"elementor-button-text\">CONTATTACI <\/span>\n\t\t\t\t\t<\/span>\n\t\t\t\t\t<\/a>\n\t\t\t\t<\/div>\n\t\t\t\t\t\t\t\t<\/div>\n\t\t\t\t<\/div>\n\t\t\t\t<\/div>\n\t\t<div class=\"elementor-element elementor-element-0d759c3 elementor-hidden-tablet elementor-hidden-mobile e-flex e-con-boxed e-con e-parent\" data-id=\"0d759c3\" data-element_type=\"container\">\n\t\t\t\t\t<div class=\"e-con-inner\">\n\t\t\t\t<div class=\"elementor-element elementor-element-371fa1b elementor-widget elementor-widget-heading\" data-id=\"371fa1b\" data-element_type=\"widget\" data-widget_type=\"heading.default\">\n\t\t\t\t<div class=\"elementor-widget-container\">\n\t\t\t\t\t<h2 class=\"elementor-heading-title elementor-size-default\">Scopri gli altri servizi<\/h2>\t\t\t\t<\/div>\n\t\t\t\t<\/div>\n\t\t<div class=\"elementor-element elementor-element-9798761 e-grid e-con-full e-con e-child\" data-id=\"9798761\" data-element_type=\"container\">\n\t\t\t\t<div data-ep-wrapper-link=\"{&quot;url&quot;:&quot;?page_id=1304&quot;,&quot;is_external&quot;:&quot;&quot;,&quot;nofollow&quot;:&quot;&quot;,&quot;custom_attributes&quot;:&quot;&quot;}\" style=\"cursor: pointer\" class=\"bdt-element-link elementor-element elementor-element-177a31d elementor-widget elementor-widget-image\" data-id=\"177a31d\" data-element_type=\"widget\" data-widget_type=\"image.default\">\n\t\t\t\t<div class=\"elementor-widget-container\">\n\t\t\t\t\t\t\t\t\t\t\t\t\t\t\t<img loading=\"lazy\" decoding=\"async\" width=\"1000\" height=\"1000\" src=\"https:\/\/alveus.app\/alveus\/wp-content\/uploads\/2025\/02\/CLEAR-ID.svg\" class=\"attachment-large size-large wp-image-817\" alt=\"\" \/>\t\t\t\t\t\t\t\t\t\t\t\t\t\t\t<\/div>\n\t\t\t\t<\/div>\n\t\t\t\t<div data-ep-wrapper-link=\"{&quot;url&quot;:&quot;?page_id=1157&quot;,&quot;is_external&quot;:&quot;&quot;,&quot;nofollow&quot;:&quot;&quot;,&quot;custom_attributes&quot;:&quot;&quot;}\" style=\"cursor: pointer\" class=\"bdt-element-link elementor-element elementor-element-8b5ba77 elementor-widget elementor-widget-image\" data-id=\"8b5ba77\" data-element_type=\"widget\" data-widget_type=\"image.default\">\n\t\t\t\t<div class=\"elementor-widget-container\">\n\t\t\t\t\t\t\t\t\t\t\t\t\t\t\t<img loading=\"lazy\" decoding=\"async\" width=\"1000\" height=\"1000\" src=\"https:\/\/alveus.app\/alveus\/wp-content\/uploads\/2025\/02\/TRANSACTION-MONITORING.svg\" class=\"attachment-large size-large wp-image-820\" alt=\"\" \/>\t\t\t\t\t\t\t\t\t\t\t\t\t\t\t<\/div>\n\t\t\t\t<\/div>\n\t\t\t\t<div data-ep-wrapper-link=\"{&quot;url&quot;:&quot;?page_id=1271&quot;,&quot;is_external&quot;:&quot;&quot;,&quot;nofollow&quot;:&quot;&quot;,&quot;custom_attributes&quot;:&quot;&quot;}\" style=\"cursor: pointer\" class=\"bdt-element-link elementor-element elementor-element-4ef1737 elementor-widget elementor-widget-image\" data-id=\"4ef1737\" data-element_type=\"widget\" data-widget_type=\"image.default\">\n\t\t\t\t<div class=\"elementor-widget-container\">\n\t\t\t\t\t\t\t\t\t\t\t\t\t\t\t<img loading=\"lazy\" decoding=\"async\" width=\"1000\" height=\"1000\" src=\"https:\/\/alveus.app\/alveus\/wp-content\/uploads\/2025\/02\/REGIFLOW.svg\" class=\"attachment-large size-large wp-image-816\" alt=\"\" \/>\t\t\t\t\t\t\t\t\t\t\t\t\t\t\t<\/div>\n\t\t\t\t<\/div>\n\t\t\t\t<\/div>\n\t\t\t\t\t<\/div>\n\t\t\t\t<\/div>\n\t\t\t\t<\/div>\n\t\t","protected":false},"excerpt":{"rendered":"<p>Alveus AML-Package: La soluzione ERP avanzata per la gestione del rischio e la compliance Alveus AML-Package \u00e8 il primo ERP (Enterprise Resource [&hellip;]<\/p>\n","protected":false},"author":1,"featured_media":0,"parent":0,"menu_order":0,"comment_status":"closed","ping_status":"closed","template":"","meta":{"inline_featured_image":false,"footnotes":""},"class_list":["post-1352","page","type-page","status-publish","hentry"],"_links":{"self":[{"href":"https:\/\/alveus.app\/alveus\/wp-json\/wp\/v2\/pages\/1352","targetHints":{"allow":["GET"]}}],"collection":[{"href":"https:\/\/alveus.app\/alveus\/wp-json\/wp\/v2\/pages"}],"about":[{"href":"https:\/\/alveus.app\/alveus\/wp-json\/wp\/v2\/types\/page"}],"author":[{"embeddable":true,"href":"https:\/\/alveus.app\/alveus\/wp-json\/wp\/v2\/users\/1"}],"replies":[{"embeddable":true,"href":"https:\/\/alveus.app\/alveus\/wp-json\/wp\/v2\/comments?post=1352"}],"version-history":[{"count":0,"href":"https:\/\/alveus.app\/alveus\/wp-json\/wp\/v2\/pages\/1352\/revisions"}],"wp:attachment":[{"href":"https:\/\/alveus.app\/alveus\/wp-json\/wp\/v2\/media?parent=1352"}],"curies":[{"name":"wp","href":"https:\/\/api.w.org\/{rel}","templated":true}]}}